{"id":6039,"date":"2022-05-30T21:10:23","date_gmt":"2022-05-30T21:10:23","guid":{"rendered":"http:\/\/test.myperfectstore.mx\/?page_id=6039"},"modified":"2023-05-09T02:30:09","modified_gmt":"2023-05-09T02:30:09","slug":"unidades-moviles","status":"publish","type":"page","link":"https:\/\/soluglobikon.mx\/?page_id=6039","title":{"rendered":"Unidades m\ufffdviles"},"content":{"rendered":"\t\t<div data-elementor-type=\"wp-page\" data-elementor-id=\"6039\" class=\"elementor elementor-6039\">\n\t\t\t\t\t\t\t        <section class=\"elementor-section elementor-top-section elementor-element elementor-element-34e3217 elementor-section-full_width elementor-section-stretched elementor-section-height-default elementor-section-height-default ct-header-fixed-none\" data-id=\"34e3217\" data-element_type=\"section\" data-settings=\"{&quot;stretch_section&quot;:&quot;section-stretched&quot;}\">\n            \n                        <div class=\"elementor-container elementor-column-gap-no \">\n                    <div class=\"elementor-column elementor-col-100 elementor-top-column elementor-element elementor-element-2bbebf3\" data-id=\"2bbebf3\" data-element_type=\"column\">\n            <div class=\"elementor-widget-wrap elementor-element-populated\">\n                        \t\t<div class=\"elementor-element elementor-element-bff1116 elementor-widget elementor-widget-slider_revolution\" data-id=\"bff1116\" data-element_type=\"widget\" data-widget_type=\"slider_revolution.default\">\n\t\t\t\t<div class=\"elementor-widget-container\">\n\t\t\t\n\t\t<div class=\"wp-block-themepunch-revslider\">\n\t\t\t<!-- START Promotoria Especializada REVOLUTION SLIDER 6.5.21 --><p class=\"rs-p-wp-fix\"><\/p>\n\t\t\t<rs-module-wrap id=\"rev_slider_13_1_wrapper\" data-source=\"gallery\" style=\"visibility:hidden;background:transparent;padding:0;margin:0px auto;margin-top:0;margin-bottom:0;\">\n\t\t\t\t<rs-module id=\"rev_slider_13_1\" style=\"\" data-version=\"6.5.21\">\n\t\t\t\t\t<rs-slides>\n\t\t\t\t\t\t<rs-slide style=\"position: absolute;\" data-key=\"rs-41\" data-title=\"Slide\" data-in=\"o:0;\" data-out=\"a:false;\">\n\t\t\t\t\t\t\t<img decoding=\"async\" src=\"\/\/soluglobikon.mx\/wp-content\/plugins\/revslider\/public\/assets\/assets\/dummy.png\" alt=\"\" width=\"2560\" height=\"729\" class=\"rev-slidebg tp-rs-img rs-lazyload\" data-lazyload=\"\/\/soluglobikon.mx\/wp-content\/uploads\/2023\/05\/banner-12-scaled.jpg\" data-no-retina>\n<!--\n\t\t\t\t\t\t\t--><rs-layer\n\t\t\t\t\t\t\t\tid=\"slider-13-slide-41-layer-0\" \n\t\t\t\t\t\t\t\tdata-type=\"text\"\n\t\t\t\t\t\t\t\tdata-xy=\"x:c;y:m;\"\n\t\t\t\t\t\t\t\tdata-text=\"w:normal;s:46,44,28,17;l:72,70,45,27;ls:10px,9px,5px,3px;fw:900;a:center;\"\n\t\t\t\t\t\t\t\tdata-rsp_o=\"off\"\n\t\t\t\t\t\t\t\tdata-rsp_bd=\"off\"\n\t\t\t\t\t\t\t\tdata-frame_999=\"o:0;st:w;\"\n\t\t\t\t\t\t\t\tstyle=\"z-index:8;font-family:'Lato';\"\n\t\t\t\t\t\t\t>UNIDADES M\u00d3VILES \n\t\t\t\t\t\t\t<\/rs-layer><!--\n-->\t\t\t\t\t\t<\/rs-slide>\n\t\t\t\t\t<\/rs-slides>\n\t\t\t\t<\/rs-module>\n\t\t\t\t<script>\n\t\t\t\t\tsetREVStartSize({c: 'rev_slider_13_1',rl:[1240,1024,778,480],el:[250,585,500,280],gw:[1230,1200,778,480],gh:[250,250,220,280],type:'standard',justify:'',layout:'fullwidth',mh:\"0\"});if (window.RS_MODULES!==undefined && window.RS_MODULES.modules!==undefined && window.RS_MODULES.modules[\"revslider131\"]!==undefined) {window.RS_MODULES.modules[\"revslider131\"].once = false;window.revapi13 = undefined;if (window.RS_MODULES.checkMinimal!==undefined) window.RS_MODULES.checkMinimal()}\n\t\t\t\t<\/script>\n\t\t\t<\/rs-module-wrap>\n\t\t\t<!-- END REVOLUTION SLIDER -->\n<\/div>\n\n\t\t\t\t<\/div>\n\t\t\t\t<\/div>\n\t\t            <\/div>\n        <\/div>\n                            <\/div>\n        <\/section>\n                <section class=\"elementor-section elementor-top-section elementor-element elementor-element-7c3eb10 elementor-section-boxed elementor-section-height-default elementor-section-height-default ct-header-fixed-none\" data-id=\"7c3eb10\" data-element_type=\"section\">\n            \n                        <div class=\"elementor-container elementor-column-gap-default \">\n                    <div class=\"elementor-column elementor-col-100 elementor-top-column elementor-element elementor-element-8e3e476\" data-id=\"8e3e476\" data-element_type=\"column\">\n            <div class=\"elementor-widget-wrap elementor-element-populated\">\n                        \t\t<div class=\"elementor-element elementor-element-9cb0f4d elementor-widget elementor-widget-spacer\" data-id=\"9cb0f4d\" data-element_type=\"widget\" data-widget_type=\"spacer.default\">\n\t\t\t\t<div class=\"elementor-widget-container\">\n\t\t\t<style>\/*! elementor - v3.6.5 - 27-04-2022 *\/\n.e-container.e-container--row .elementor-spacer-inner{width:var(--spacer-size)}.e-container.e-container--column .elementor-spacer-inner,.elementor-column .elementor-spacer-inner{height:var(--spacer-size)}<\/style>\t\t<div class=\"elementor-spacer\">\n\t\t\t<div class=\"elementor-spacer-inner\"><\/div>\n\t\t<\/div>\n\t\t\t\t<\/div>\n\t\t\t\t<\/div>\n\t\t            <\/div>\n        <\/div>\n                            <\/div>\n        <\/section>\n                <section class=\"elementor-section elementor-top-section elementor-element elementor-element-dce43d0 elementor-section-boxed elementor-section-height-default elementor-section-height-default ct-header-fixed-none\" data-id=\"dce43d0\" data-element_type=\"section\">\n            \n                        <div class=\"elementor-container elementor-column-gap-wider \">\n                    <div class=\"elementor-column elementor-col-50 elementor-top-column elementor-element elementor-element-8f7d88a\" data-id=\"8f7d88a\" data-element_type=\"column\" data-settings=\"{&quot;background_background&quot;:&quot;classic&quot;}\">\n            <div class=\"elementor-widget-wrap elementor-element-populated\">\n                        \t\t<div class=\"elementor-element elementor-element-b26879c elementor-widget elementor-widget-heading\" data-id=\"b26879c\" data-element_type=\"widget\" data-widget_type=\"heading.default\">\n\t\t\t\t<div class=\"elementor-widget-container\">\n\t\t\t<style>\/*! elementor - v3.6.5 - 27-04-2022 *\/\n.elementor-heading-title{padding:0;margin:0;line-height:1}.elementor-widget-heading .elementor-heading-title[class*=elementor-size-]>a{color:inherit;font-size:inherit;line-height:inherit}.elementor-widget-heading .elementor-heading-title.elementor-size-small{font-size:15px}.elementor-widget-heading .elementor-heading-title.elementor-size-medium{font-size:19px}.elementor-widget-heading .elementor-heading-title.elementor-size-large{font-size:29px}.elementor-widget-heading .elementor-heading-title.elementor-size-xl{font-size:39px}.elementor-widget-heading .elementor-heading-title.elementor-size-xxl{font-size:59px}<\/style><h4 class=\"elementor-heading-title elementor-size-default\">Llevamos el bienestar a donde no llegaba antes<\/h4>\t\t<\/div>\n\t\t\t\t<\/div>\n\t\t\t\t<div class=\"elementor-element elementor-element-b261751 elementor-widget elementor-widget-spacer\" data-id=\"b261751\" data-element_type=\"widget\" data-widget_type=\"spacer.default\">\n\t\t\t\t<div class=\"elementor-widget-container\">\n\t\t\t\t\t<div class=\"elementor-spacer\">\n\t\t\t<div class=\"elementor-spacer-inner\"><\/div>\n\t\t<\/div>\n\t\t\t\t<\/div>\n\t\t\t\t<\/div>\n\t\t\t\t<div class=\"elementor-element elementor-element-259c204 elementor-widget elementor-widget-text-editor\" data-id=\"259c204\" data-element_type=\"widget\" data-widget_type=\"text-editor.default\">\n\t\t\t\t<div class=\"elementor-widget-container\">\n\t\t\t<style>\/*! elementor - v3.6.5 - 27-04-2022 *\/\n.elementor-widget-text-editor.elementor-drop-cap-view-stacked .elementor-drop-cap{background-color:#818a91;color:#fff}.elementor-widget-text-editor.elementor-drop-cap-view-framed .elementor-drop-cap{color:#818a91;border:3px solid;background-color:transparent}.elementor-widget-text-editor:not(.elementor-drop-cap-view-default) .elementor-drop-cap{margin-top:8px}.elementor-widget-text-editor:not(.elementor-drop-cap-view-default) .elementor-drop-cap-letter{width:1em;height:1em}.elementor-widget-text-editor .elementor-drop-cap{float:left;text-align:center;line-height:1;font-size:50px}.elementor-widget-text-editor .elementor-drop-cap-letter{display:inline-block}<\/style>\t\t\t\t<p>Hemos desarrollado e implementado servicios integrales de atenci\u00f3n M\u00e9dica, Dental, Legal, Psicol\u00f3gica y Salud Ocupacional en unidades m\u00f3viles, para atender necesidades espec\u00edficas de nuestros clientes.<\/p><p>Llevamos bienestar a donde no llegaba antes, mediante la puesta en marcha de unidades m\u00f3viles 100% provistas de equipos con la m\u00e1s avanzada tecnolog\u00eda y un grupo de profesionales, capaces de ofrecer atenci\u00f3n especializada, en el lugar donde nuestros clientes lo requieran.<\/p><p>Nuestras Unidades M\u00f3viles ofrecen &#8220;Programas Integrales de Atenci\u00f3n para la Salud&#8221; complementadas con insumos y servicios m\u00e9dicos de calidad, dise\u00f1adas para responder a las necesidades de la poblaci\u00f3n donde los servicios de salud y legales han sido superados por la alta demanda de los mismos siempre en las mejores condiciones de calidad.<\/p><p>En el \u00e1mbito de la salud ocupacional contribuimos a promover y proteger la salud de los trabajadores mediante la prevenci\u00f3n y el control de las enfermedades, as\u00ed como el asesoramiento para la prevenci\u00f3n de accidentes y la eliminaci\u00f3n de los factores y condiciones que ponen en peligro la salud y la seguridad en el trabajo.<\/p>\t\t\t\t\t\t<\/div>\n\t\t\t\t<\/div>\n\t\t\t\t<div class=\"elementor-element elementor-element-6b5f4df elementor-widget elementor-widget-spacer\" data-id=\"6b5f4df\" data-element_type=\"widget\" data-widget_type=\"spacer.default\">\n\t\t\t\t<div class=\"elementor-widget-container\">\n\t\t\t\t\t<div class=\"elementor-spacer\">\n\t\t\t<div class=\"elementor-spacer-inner\"><\/div>\n\t\t<\/div>\n\t\t\t\t<\/div>\n\t\t\t\t<\/div>\n\t\t            <\/div>\n        <\/div>\n                <div class=\"elementor-column elementor-col-50 elementor-top-column elementor-element elementor-element-1b4c198\" data-id=\"1b4c198\" data-element_type=\"column\">\n            <div class=\"elementor-widget-wrap elementor-element-populated\">\n                        \t\t<div class=\"elementor-element elementor-element-c08cad6 elementor-widget elementor-widget-image\" data-id=\"c08cad6\" data-element_type=\"widget\" data-widget_type=\"image.default\">\n\t\t\t\t<div class=\"elementor-widget-container\">\n\t\t\t<style>\/*! elementor - v3.6.5 - 27-04-2022 *\/\n.elementor-widget-image{text-align:center}.elementor-widget-image a{display:inline-block}.elementor-widget-image a img[src$=\".svg\"]{width:48px}.elementor-widget-image img{vertical-align:middle;display:inline-block}<\/style>\t\t\t\t\t\t\t\t\t\t\t\t<img decoding=\"async\" width=\"300\" height=\"184\" src=\"https:\/\/soluglobikon.mx\/wp-content\/uploads\/2023\/01\/unidades-39-300x184.png\" class=\"attachment-medium size-medium\" alt=\"\" srcset=\"https:\/\/soluglobikon.mx\/wp-content\/uploads\/2023\/01\/unidades-39-300x184.png 300w, https:\/\/soluglobikon.mx\/wp-content\/uploads\/2023\/01\/unidades-39-768x471.png 768w, https:\/\/soluglobikon.mx\/wp-content\/uploads\/2023\/01\/unidades-39-600x368.png 600w, https:\/\/soluglobikon.mx\/wp-content\/uploads\/2023\/01\/unidades-39.png 987w\" sizes=\"(max-width: 300px) 100vw, 300px\" \/>\t\t\t\t\t\t\t\t\t\t\t\t\t\t\t<\/div>\n\t\t\t\t<\/div>\n\t\t\t\t<div class=\"elementor-element elementor-element-894731a elementor-widget elementor-widget-image\" data-id=\"894731a\" data-element_type=\"widget\" data-widget_type=\"image.default\">\n\t\t\t\t<div class=\"elementor-widget-container\">\n\t\t\t\t\t\t\t\t\t\t\t\t\t\t\t<img decoding=\"async\" width=\"300\" height=\"184\" src=\"https:\/\/soluglobikon.mx\/wp-content\/uploads\/2023\/01\/unidades-40-300x184.png\" class=\"attachment-medium size-medium\" alt=\"\" srcset=\"https:\/\/soluglobikon.mx\/wp-content\/uploads\/2023\/01\/unidades-40-300x184.png 300w, https:\/\/soluglobikon.mx\/wp-content\/uploads\/2023\/01\/unidades-40-768x471.png 768w, https:\/\/soluglobikon.mx\/wp-content\/uploads\/2023\/01\/unidades-40-600x368.png 600w, https:\/\/soluglobikon.mx\/wp-content\/uploads\/2023\/01\/unidades-40.png 987w\" sizes=\"(max-width: 300px) 100vw, 300px\" \/>\t\t\t\t\t\t\t\t\t\t\t\t\t\t\t<\/div>\n\t\t\t\t<\/div>\n\t\t\t\t<div class=\"elementor-element elementor-element-252b006 elementor-widget elementor-widget-image\" data-id=\"252b006\" data-element_type=\"widget\" data-widget_type=\"image.default\">\n\t\t\t\t<div class=\"elementor-widget-container\">\n\t\t\t\t\t\t\t\t\t\t\t\t\t\t\t<img decoding=\"async\" width=\"300\" height=\"184\" src=\"https:\/\/soluglobikon.mx\/wp-content\/uploads\/2023\/01\/unidades-41-300x184.png\" class=\"attachment-medium size-medium\" alt=\"\" srcset=\"https:\/\/soluglobikon.mx\/wp-content\/uploads\/2023\/01\/unidades-41-300x184.png 300w, https:\/\/soluglobikon.mx\/wp-content\/uploads\/2023\/01\/unidades-41-768x471.png 768w, https:\/\/soluglobikon.mx\/wp-content\/uploads\/2023\/01\/unidades-41-600x368.png 600w, https:\/\/soluglobikon.mx\/wp-content\/uploads\/2023\/01\/unidades-41.png 987w\" sizes=\"(max-width: 300px) 100vw, 300px\" \/>\t\t\t\t\t\t\t\t\t\t\t\t\t\t\t<\/div>\n\t\t\t\t<\/div>\n\t\t\t\t<div class=\"elementor-element elementor-element-2e55b2b elementor-widget elementor-widget-image\" data-id=\"2e55b2b\" data-element_type=\"widget\" data-widget_type=\"image.default\">\n\t\t\t\t<div class=\"elementor-widget-container\">\n\t\t\t\t\t\t\t\t\t\t\t\t\t\t\t<img decoding=\"async\" width=\"300\" height=\"184\" src=\"https:\/\/soluglobikon.mx\/wp-content\/uploads\/2023\/01\/unidades-42-300x184.png\" class=\"attachment-medium size-medium\" alt=\"\" srcset=\"https:\/\/soluglobikon.mx\/wp-content\/uploads\/2023\/01\/unidades-42-300x184.png 300w, https:\/\/soluglobikon.mx\/wp-content\/uploads\/2023\/01\/unidades-42-768x471.png 768w, https:\/\/soluglobikon.mx\/wp-content\/uploads\/2023\/01\/unidades-42-600x368.png 600w, https:\/\/soluglobikon.mx\/wp-content\/uploads\/2023\/01\/unidades-42.png 987w\" sizes=\"(max-width: 300px) 100vw, 300px\" \/>\t\t\t\t\t\t\t\t\t\t\t\t\t\t\t<\/div>\n\t\t\t\t<\/div>\n\t\t            <\/div>\n        <\/div>\n                            <\/div>\n        <\/section>\n                <section class=\"elementor-section elementor-top-section elementor-element elementor-element-2b9f096 elementor-section-boxed elementor-section-height-default elementor-section-height-default ct-header-fixed-none\" data-id=\"2b9f096\" data-element_type=\"section\">\n            \n                        <div class=\"elementor-container elementor-column-gap-default \">\n                    <div class=\"elementor-column elementor-col-100 elementor-top-column elementor-element elementor-element-585a3f7\" data-id=\"585a3f7\" data-element_type=\"column\">\n            <div class=\"elementor-widget-wrap elementor-element-populated\">\n                        \t\t<div class=\"elementor-element elementor-element-83a191e elementor-widget elementor-widget-spacer\" data-id=\"83a191e\" data-element_type=\"widget\" data-widget_type=\"spacer.default\">\n\t\t\t\t<div class=\"elementor-widget-container\">\n\t\t\t\t\t<div class=\"elementor-spacer\">\n\t\t\t<div class=\"elementor-spacer-inner\"><\/div>\n\t\t<\/div>\n\t\t\t\t<\/div>\n\t\t\t\t<\/div>\n\t\t            <\/div>\n        <\/div>\n                            <\/div>\n        <\/section>\n                <section class=\"elementor-section elementor-top-section elementor-element elementor-element-c0dfe17 elementor-section-stretched elementor-section-boxed elementor-section-height-default elementor-section-height-default ct-header-fixed-none\" data-id=\"c0dfe17\" data-element_type=\"section\" data-settings=\"{&quot;stretch_section&quot;:&quot;section-stretched&quot;,&quot;background_background&quot;:&quot;classic&quot;}\">\n            \n                        <div class=\"elementor-container elementor-column-gap-wide \">\n                    <div class=\"elementor-column elementor-col-100 elementor-top-column elementor-element elementor-element-b42e205\" data-id=\"b42e205\" data-element_type=\"column\">\n            <div class=\"elementor-widget-wrap elementor-element-populated\">\n                        \t\t<div class=\"elementor-element elementor-element-8379e12 elementor-widget elementor-widget-spacer\" data-id=\"8379e12\" data-element_type=\"widget\" data-widget_type=\"spacer.default\">\n\t\t\t\t<div class=\"elementor-widget-container\">\n\t\t\t\t\t<div class=\"elementor-spacer\">\n\t\t\t<div class=\"elementor-spacer-inner\"><\/div>\n\t\t<\/div>\n\t\t\t\t<\/div>\n\t\t\t\t<\/div>\n\t\t\t\t<div class=\"elementor-element elementor-element-5ff06bb elementor-widget elementor-widget-heading\" data-id=\"5ff06bb\" data-element_type=\"widget\" data-widget_type=\"heading.default\">\n\t\t\t\t<div class=\"elementor-widget-container\">\n\t\t\t<h4 class=\"elementor-heading-title elementor-size-default\">Beneficios<\/h4>\t\t<\/div>\n\t\t\t\t<\/div>\n\t\t\t\t<div class=\"elementor-element elementor-element-e59026c elementor-widget elementor-widget-spacer\" data-id=\"e59026c\" data-element_type=\"widget\" data-widget_type=\"spacer.default\">\n\t\t\t\t<div class=\"elementor-widget-container\">\n\t\t\t\t\t<div class=\"elementor-spacer\">\n\t\t\t<div class=\"elementor-spacer-inner\"><\/div>\n\t\t<\/div>\n\t\t\t\t<\/div>\n\t\t\t\t<\/div>\n\t\t\t\t<div class=\"elementor-element elementor-element-bb73d99 elementor-widget elementor-widget-image\" data-id=\"bb73d99\" data-element_type=\"widget\" data-widget_type=\"image.default\">\n\t\t\t\t<div class=\"elementor-widget-container\">\n\t\t\t\t\t\t\t\t\t\t\t\t\t\t\t<img decoding=\"async\" src=\"https:\/\/soluglobikon.mx\/wp-content\/uploads\/elementor\/thumbs\/soluglob-ikon-webpage-72-2-qb2ebrtc2zs0vuudjxb98p6jm6wei4q7rc6l8b2rwo.png\" title=\"soluglob ikon webpage-72\" alt=\"soluglob ikon webpage-72\" \/>\t\t\t\t\t\t\t\t\t\t\t\t\t\t\t<\/div>\n\t\t\t\t<\/div>\n\t\t\t\t<div class=\"elementor-element elementor-element-02d238c elementor-widget elementor-widget-spacer\" data-id=\"02d238c\" data-element_type=\"widget\" data-widget_type=\"spacer.default\">\n\t\t\t\t<div class=\"elementor-widget-container\">\n\t\t\t\t\t<div class=\"elementor-spacer\">\n\t\t\t<div class=\"elementor-spacer-inner\"><\/div>\n\t\t<\/div>\n\t\t\t\t<\/div>\n\t\t\t\t<\/div>\n\t\t\t\t<div class=\"elementor-element elementor-element-862c9a5 elementor-widget elementor-widget-image\" data-id=\"862c9a5\" data-element_type=\"widget\" data-widget_type=\"image.default\">\n\t\t\t\t<div class=\"elementor-widget-container\">\n\t\t\t\t\t\t\t\t\t\t\t\t\t\t\t<img decoding=\"async\" src=\"https:\/\/soluglobikon.mx\/wp-content\/uploads\/elementor\/thumbs\/soluglob-ikon-webpage-73-2-qb2ec5wwxibbq09w9lens3mgiyywpla6t9yvfghvbc.png\" title=\"soluglob ikon webpage-73\" alt=\"soluglob ikon webpage-73\" \/>\t\t\t\t\t\t\t\t\t\t\t\t\t\t\t<\/div>\n\t\t\t\t<\/div>\n\t\t\t\t<div class=\"elementor-element elementor-element-533e3b9 elementor-widget elementor-widget-spacer\" data-id=\"533e3b9\" data-element_type=\"widget\" data-widget_type=\"spacer.default\">\n\t\t\t\t<div class=\"elementor-widget-container\">\n\t\t\t\t\t<div class=\"elementor-spacer\">\n\t\t\t<div class=\"elementor-spacer-inner\"><\/div>\n\t\t<\/div>\n\t\t\t\t<\/div>\n\t\t\t\t<\/div>\n\t\t            <\/div>\n        <\/div>\n                            <\/div>\n        <\/section>\n                <section class=\"elementor-section elementor-top-section elementor-element elementor-element-d2d3bdd elementor-section-boxed elementor-section-height-default elementor-section-height-default ct-header-fixed-none\" data-id=\"d2d3bdd\" data-element_type=\"section\">\n            \n                        <div class=\"elementor-container elementor-column-gap-default \">\n                    <div class=\"elementor-column elementor-col-100 elementor-top-column elementor-element elementor-element-7009602\" data-id=\"7009602\" data-element_type=\"column\">\n            <div class=\"elementor-widget-wrap elementor-element-populated\">\n                        \t\t<div class=\"elementor-element elementor-element-8446724 elementor-widget elementor-widget-spacer\" data-id=\"8446724\" data-element_type=\"widget\" data-widget_type=\"spacer.default\">\n\t\t\t\t<div class=\"elementor-widget-container\">\n\t\t\t\t\t<div class=\"elementor-spacer\">\n\t\t\t<div class=\"elementor-spacer-inner\"><\/div>\n\t\t<\/div>\n\t\t\t\t<\/div>\n\t\t\t\t<\/div>\n\t\t            <\/div>\n        <\/div>\n                            <\/div>\n        <\/section>\n        \t\t\t\t\t<\/div>\n\t\t","protected":false},"excerpt":{"rendered":"<p>Llevamos el bienestar a donde no llegaba antes Hemos desarrollado e implementado servicios integrales de atenci\ufffdn M\ufffddica, Dental, Legal, Psicol\ufffdgica y Salud Ocupacional en unidades m\ufffdviles, para atender necesidades espec\ufffdficas de nuestros clientes. Llevamos bienestar a donde no llegaba antes, mediante la puesta en marcha de unidades m\ufffdviles 100% provistas de equipos con la m\ufffds [&hellip;]<\/p>\n","protected":false},"author":2,"featured_media":0,"parent":0,"menu_order":0,"comment_status":"closed","ping_status":"closed","template":"","meta":{"footnotes":""},"class_list":["post-6039","page","type-page","status-publish","hentry"],"_links":{"self":[{"href":"https:\/\/soluglobikon.mx\/index.php?rest_route=\/wp\/v2\/pages\/6039","targetHints":{"allow":["GET"]}}],"collection":[{"href":"https:\/\/soluglobikon.mx\/index.php?rest_route=\/wp\/v2\/pages"}],"about":[{"href":"https:\/\/soluglobikon.mx\/index.php?rest_route=\/wp\/v2\/types\/page"}],"author":[{"embeddable":true,"href":"https:\/\/soluglobikon.mx\/index.php?rest_route=\/wp\/v2\/users\/2"}],"replies":[{"embeddable":true,"href":"https:\/\/soluglobikon.mx\/index.php?rest_route=%2Fwp%2Fv2%2Fcomments&post=6039"}],"version-history":[{"count":261,"href":"https:\/\/soluglobikon.mx\/index.php?rest_route=\/wp\/v2\/pages\/6039\/revisions"}],"predecessor-version":[{"id":7011,"href":"https:\/\/soluglobikon.mx\/index.php?rest_route=\/wp\/v2\/pages\/6039\/revisions\/7011"}],"wp:attachment":[{"href":"https:\/\/soluglobikon.mx\/index.php?rest_route=%2Fwp%2Fv2%2Fmedia&parent=6039"}],"curies":[{"name":"wp","href":"https:\/\/api.w.org\/{rel}","templated":true}]}}